{"id":3,"date":"2023-04-14T14:49:49","date_gmt":"2023-04-14T14:49:49","guid":{"rendered":"https:\/\/comeacasabedandbreakfast.it\/?page_id=3"},"modified":"2023-05-05T10:51:27","modified_gmt":"2023-05-05T10:51:27","slug":"privacy-policy","status":"publish","type":"page","link":"https:\/\/bebparcodiecimare.it\/en\/privacy-policy\/","title":{"rendered":"Privacy Policy"},"content":{"rendered":"<div data-elementor-type=\"wp-page\" data-elementor-id=\"3\" class=\"elementor elementor-3\">\n\t\t\t\t\t\t\t\t\t<section class=\"elementor-section elementor-top-section elementor-element elementor-element-eaf4687 elementor-section-boxed elementor-section-height-default elementor-section-height-default\" data-id=\"eaf4687\" data-element_type=\"section\">\n\t\t\t\t\t\t<div class=\"elementor-container elementor-column-gap-default\">\n\t\t\t\t\t<div class=\"elementor-column elementor-col-100 elementor-top-column elementor-element elementor-element-1858e8e2\" data-id=\"1858e8e2\" data-element_type=\"column\">\n\t\t\t<div class=\"elementor-widget-wrap elementor-element-populated\">\n\t\t\t\t\t\t\t\t<div class=\"elementor-element elementor-element-22ab3bb elementor-widget elementor-widget-heading\" data-id=\"22ab3bb\" data-element_type=\"widget\" data-widget_type=\"heading.default\">\n\t\t\t\t<div class=\"elementor-widget-container\">\n\t\t\t<style>\/*! elementor - v3.12.1 - 02-04-2023 *\/\n.elementor-heading-title{padding:0;margin:0;line-height:1}.elementor-widget-heading .elementor-heading-title[class*=elementor-size-]>a{color:inherit;font-size:inherit;line-height:inherit}.elementor-widget-heading .elementor-heading-title.elementor-size-small{font-size:15px}.elementor-widget-heading .elementor-heading-title.elementor-size-medium{font-size:19px}.elementor-widget-heading .elementor-heading-title.elementor-size-large{font-size:29px}.elementor-widget-heading .elementor-heading-title.elementor-size-xl{font-size:39px}.elementor-widget-heading .elementor-heading-title.elementor-size-xxl{font-size:59px}<\/style><h2 class=\"elementor-heading-title elementor-size-default\">Privacy Policy<\/h2>\t\t<\/div>\n\t\t\t\t<\/div>\n\t\t\t\t<div class=\"elementor-element elementor-element-1064f963 elementor-widget elementor-widget-text-editor\" data-id=\"1064f963\" data-element_type=\"widget\" data-widget_type=\"text-editor.default\">\n\t\t\t\t<div class=\"elementor-widget-container\">\n\t\t\t<style>\/*! elementor - v3.12.1 - 02-04-2023 *\/\n.elementor-widget-text-editor.elementor-drop-cap-view-stacked .elementor-drop-cap{background-color:#69727d;color:#fff}.elementor-widget-text-editor.elementor-drop-cap-view-framed .elementor-drop-cap{color:#69727d;border:3px solid;background-color:transparent}.elementor-widget-text-editor:not(.elementor-drop-cap-view-default) .elementor-drop-cap{margin-top:8px}.elementor-widget-text-editor:not(.elementor-drop-cap-view-default) .elementor-drop-cap-letter{width:1em;height:1em}.elementor-widget-text-editor .elementor-drop-cap{float:left;text-align:center;line-height:1;font-size:50px}.elementor-widget-text-editor .elementor-drop-cap-letter{display:inline-block}<\/style>\t\t\t\t<!-- wp:paragraph -->\n<p>Gentile utente,<\/p>\n<!-- \/wp:paragraph -->\n\n<!-- wp:paragraph -->\n<p>Di seguito trover\u00e0 la privacy policy per il sito comeacasabedandbreakfast.it. Questa politica descrive come raccogliamo, utilizziamo, proteggiamo e gestiamo le informazioni personali degli utenti che visitano il nostro sito web.<\/p>\n<!-- \/wp:paragraph -->\n\n<!-- wp:list {\"ordered\":true} -->\n<ol><!-- wp:list-item -->\n<li>Informazioni raccolte<br>Raccogliamo informazioni personali degli utenti tramite il sito web comeacasabedandbreakfast.it. Le informazioni personali raccolte possono includere nome, cognome, indirizzo email, numero di telefono e altre informazioni di contatto. Inoltre, raccogliamo informazioni sulle preferenze degli utenti, come le preferenze di prenotazione e le informazioni sulle attivit\u00e0 di navigazione sul nostro sito web.<\/li>\n<!-- \/wp:list-item -->\n\n<!-- wp:list-item -->\n<li>Uso delle informazioni<br>Utilizziamo le informazioni personali degli utenti per fornire i servizi richiesti, come la prenotazione di camere, la gestione del conto dell&#8217;utente e l&#8217;invio di comunicazioni relative alla prenotazione. Inoltre, possiamo utilizzare le informazioni per migliorare il sito web e i servizi offerti, per personalizzare l&#8217;esperienza dell&#8217;utente e per analizzare le attivit\u00e0 di navigazione sul sito web.<\/li>\n<!-- \/wp:list-item -->\n\n<!-- wp:list-item -->\n<li>Protezione delle informazioni<br>Ci impegniamo a proteggere le informazioni personali degli utenti. Utilizziamo misure di sicurezza tecniche e organizzative per prevenire l&#8217;accesso non autorizzato, la divulgazione, la modifica o la distruzione delle informazioni personali degli utenti.<\/li>\n<!-- \/wp:list-item -->\n\n<!-- wp:list-item -->\n<li>Condivisione delle informazioni<br>Non condividiamo le informazioni personali degli utenti con terze parti, ad eccezione dei fornitori di servizi che ci aiutano a fornire i servizi offerti sul sito web. Questi fornitori di servizi sono tenuti a mantenere la riservatezza delle informazioni personali degli utenti e a utilizzarle solo per fornire i servizi richiesti.<\/li>\n<!-- \/wp:list-item -->\n\n<!-- wp:list-item -->\n<li>Cookie<br>Utilizziamo i cookie per migliorare l&#8217;esperienza dell&#8217;utente sul sito web. I cookie sono piccoli file di testo che vengono memorizzati sul dispositivo dell&#8217;utente quando visita il nostro sito web. I cookie ci permettono di riconoscere l&#8217;utente quando visita il sito web e di personalizzare l&#8217;esperienza dell&#8217;utente. L&#8217;utente pu\u00f2 scegliere di disabilitare i cookie nel proprio browser, ma ci\u00f2 potrebbe limitare l&#8217;accesso a alcune funzionalit\u00e0 del sito web.<\/li>\n<!-- \/wp:list-item -->\n\n<!-- wp:list-item -->\n<li>Modifiche alla privacy policy<br>Ci riserviamo il diritto di modificare questa privacy policy in qualsiasi momento. Le modifiche saranno pubblicate sul sito web e gli utenti saranno informati delle modifiche tramite una notifica sul sito web.<\/li>\n<!-- \/wp:list-item -->\n\n<!-- wp:list-item -->\n<li>Contacts<br>Se gli utenti hanno domande o commenti sulla nostra privacy policy o sulla gestione delle informazioni personali, possono contattarci tramite il sito web o all&#8217;indirizzo email fornito sul sito web.<\/li>\n<!-- \/wp:list-item --><\/ol>\n<!-- \/wp:list -->\n\n<!-- wp:paragraph -->\n<p>Grazie per aver scelto di utilizzare comeacasabedandbreakfast.it. Siamo impegnati a proteggere la privacy degli utenti e a fornire un&#8217;esperienza sicura e personalizzata.<\/p>\n<!-- \/wp:paragraph -->\t\t\t\t\t\t<\/div>\n\t\t\t\t<\/div>\n\t\t\t\t\t<\/div>\n\t\t<\/div>\n\t\t\t\t\t\t\t<\/div>\n\t\t<\/section>\n\t\t\t\t\t\t\t<\/div>","protected":false},"excerpt":{"rendered":"<p>Privacy Policy Gentile utente, Di seguito trover\u00e0 la privacy policy per il sito comeacasabedandbreakfast.it. Questa politica descrive come raccogliamo, utilizziamo, proteggiamo e gestiamo le informazioni personali degli utenti che visitano il nostro sito web. Grazie per aver scelto di utilizzare comeacasabedandbreakfast.it. Siamo impegnati a proteggere la privacy degli utenti e a fornire un&#8217;esperienza sicura e [&hellip;]<\/p>","protected":false},"author":1,"featured_media":0,"parent":0,"menu_order":0,"comment_status":"closed","ping_status":"open","template":"","meta":[],"yoast_head":"<!-- This site is optimized with the Yoast SEO plugin v20.6 - https:\/\/yoast.com\/wordpress\/plugins\/seo\/ -->\n<title>Privacy Policy - B&amp;B Parco Diecimare<\/title>\n<meta name=\"robots\" content=\"noindex, follow, max-snippet:-1, max-image-preview:large, max-video-preview:-1\" \/>\n<meta property=\"og:locale\" content=\"en_GB\" \/>\n<meta property=\"og:type\" content=\"article\" \/>\n<meta property=\"og:title\" content=\"Privacy Policy - B&amp;B Parco Diecimare\" \/>\n<meta property=\"og:description\" content=\"Privacy Policy Gentile utente, Di seguito trover\u00e0 la privacy policy per il sito comeacasabedandbreakfast.it. Questa politica descrive come raccogliamo, utilizziamo, proteggiamo e gestiamo le informazioni personali degli utenti che visitano il nostro sito web. Grazie per aver scelto di utilizzare comeacasabedandbreakfast.it. Siamo impegnati a proteggere la privacy degli utenti e a fornire un&#8217;esperienza sicura e [&hellip;]\" \/>\n<meta property=\"og:url\" content=\"https:\/\/bebparcodiecimare.it\/en\/privacy-policy\/\" \/>\n<meta property=\"og:site_name\" content=\"B&amp;B Parco Diecimare\" \/>\n<meta property=\"article:modified_time\" content=\"2023-05-05T10:51:27+00:00\" \/>\n<meta name=\"twitter:card\" content=\"summary_large_image\" \/>\n<meta name=\"twitter:label1\" content=\"Estimated reading time\" \/>\n\t<meta name=\"twitter:data1\" content=\"3 minutes\" \/>\n<script type=\"application\/ld+json\" class=\"yoast-schema-graph\">{\"@context\":\"https:\/\/schema.org\",\"@graph\":[{\"@type\":\"WebPage\",\"@id\":\"https:\/\/bebparcodiecimare.it\/privacy-policy\/\",\"url\":\"https:\/\/bebparcodiecimare.it\/privacy-policy\/\",\"name\":\"Privacy Policy - B&amp;B Parco Diecimare\",\"isPartOf\":{\"@id\":\"https:\/\/bebparcodiecimare.it\/#website\"},\"datePublished\":\"2023-04-14T14:49:49+00:00\",\"dateModified\":\"2023-05-05T10:51:27+00:00\",\"breadcrumb\":{\"@id\":\"https:\/\/bebparcodiecimare.it\/privacy-policy\/#breadcrumb\"},\"inLanguage\":\"en-GB\",\"potentialAction\":[{\"@type\":\"ReadAction\",\"target\":[\"https:\/\/bebparcodiecimare.it\/privacy-policy\/\"]}]},{\"@type\":\"BreadcrumbList\",\"@id\":\"https:\/\/bebparcodiecimare.it\/privacy-policy\/#breadcrumb\",\"itemListElement\":[{\"@type\":\"ListItem\",\"position\":1,\"name\":\"Home\",\"item\":\"https:\/\/bebparcodiecimare.it\/\"},{\"@type\":\"ListItem\",\"position\":2,\"name\":\"Privacy Policy\"}]},{\"@type\":\"WebSite\",\"@id\":\"https:\/\/bebparcodiecimare.it\/#website\",\"url\":\"https:\/\/bebparcodiecimare.it\/\",\"name\":\"B&amp;B Parco Diecimare\",\"description\":\"\",\"potentialAction\":[{\"@type\":\"SearchAction\",\"target\":{\"@type\":\"EntryPoint\",\"urlTemplate\":\"https:\/\/bebparcodiecimare.it\/?s={search_term_string}\"},\"query-input\":\"required name=search_term_string\"}],\"inLanguage\":\"en-GB\"}]}<\/script>\n<!-- \/ Yoast SEO plugin. -->","yoast_head_json":{"title":"Privacy Policy - B&amp;B Parco Diecimare","robots":{"index":"noindex","follow":"follow","max-snippet":"max-snippet:-1","max-image-preview":"max-image-preview:large","max-video-preview":"max-video-preview:-1"},"og_locale":"en_GB","og_type":"article","og_title":"Privacy Policy - B&amp;B Parco Diecimare","og_description":"Privacy Policy Gentile utente, Di seguito trover\u00e0 la privacy policy per il sito comeacasabedandbreakfast.it. Questa politica descrive come raccogliamo, utilizziamo, proteggiamo e gestiamo le informazioni personali degli utenti che visitano il nostro sito web. Grazie per aver scelto di utilizzare comeacasabedandbreakfast.it. Siamo impegnati a proteggere la privacy degli utenti e a fornire un&#8217;esperienza sicura e [&hellip;]","og_url":"https:\/\/bebparcodiecimare.it\/en\/privacy-policy\/","og_site_name":"B&amp;B Parco Diecimare","article_modified_time":"2023-05-05T10:51:27+00:00","twitter_card":"summary_large_image","twitter_misc":{"Estimated reading time":"3 minutes"},"schema":{"@context":"https:\/\/schema.org","@graph":[{"@type":"WebPage","@id":"https:\/\/bebparcodiecimare.it\/privacy-policy\/","url":"https:\/\/bebparcodiecimare.it\/privacy-policy\/","name":"Privacy Policy - B&amp;B Parco Diecimare","isPartOf":{"@id":"https:\/\/bebparcodiecimare.it\/#website"},"datePublished":"2023-04-14T14:49:49+00:00","dateModified":"2023-05-05T10:51:27+00:00","breadcrumb":{"@id":"https:\/\/bebparcodiecimare.it\/privacy-policy\/#breadcrumb"},"inLanguage":"en-GB","potentialAction":[{"@type":"ReadAction","target":["https:\/\/bebparcodiecimare.it\/privacy-policy\/"]}]},{"@type":"BreadcrumbList","@id":"https:\/\/bebparcodiecimare.it\/privacy-policy\/#breadcrumb","itemListElement":[{"@type":"ListItem","position":1,"name":"Home","item":"https:\/\/bebparcodiecimare.it\/"},{"@type":"ListItem","position":2,"name":"Privacy Policy"}]},{"@type":"WebSite","@id":"https:\/\/bebparcodiecimare.it\/#website","url":"https:\/\/bebparcodiecimare.it\/","name":"B&amp;B Parco Diecimare","description":"","potentialAction":[{"@type":"SearchAction","target":{"@type":"EntryPoint","urlTemplate":"https:\/\/bebparcodiecimare.it\/?s={search_term_string}"},"query-input":"required name=search_term_string"}],"inLanguage":"en-GB"}]}},"_links":{"self":[{"href":"https:\/\/bebparcodiecimare.it\/en\/wp-json\/wp\/v2\/pages\/3"}],"collection":[{"href":"https:\/\/bebparcodiecimare.it\/en\/wp-json\/wp\/v2\/pages"}],"about":[{"href":"https:\/\/bebparcodiecimare.it\/en\/wp-json\/wp\/v2\/types\/page"}],"author":[{"embeddable":true,"href":"https:\/\/bebparcodiecimare.it\/en\/wp-json\/wp\/v2\/users\/1"}],"replies":[{"embeddable":true,"href":"https:\/\/bebparcodiecimare.it\/en\/wp-json\/wp\/v2\/comments?post=3"}],"version-history":[{"count":4,"href":"https:\/\/bebparcodiecimare.it\/en\/wp-json\/wp\/v2\/pages\/3\/revisions"}],"predecessor-version":[{"id":693,"href":"https:\/\/bebparcodiecimare.it\/en\/wp-json\/wp\/v2\/pages\/3\/revisions\/693"}],"wp:attachment":[{"href":"https:\/\/bebparcodiecimare.it\/en\/wp-json\/wp\/v2\/media?parent=3"}],"curies":[{"name":"wp","href":"https:\/\/api.w.org\/{rel}","templated":true}]}}