{"id":213,"date":"2023-04-19T12:29:24","date_gmt":"2023-04-19T12:29:24","guid":{"rendered":"https:\/\/comeacasabedandbreakfast.it\/?page_id=213"},"modified":"2024-10-11T07:32:14","modified_gmt":"2024-10-11T07:32:14","slug":"chi-siamo","status":"publish","type":"page","link":"https:\/\/bebparcodiecimare.it\/en\/chi-siamo\/","title":{"rendered":"About Us"},"content":{"rendered":"<div data-elementor-type=\"wp-page\" data-elementor-id=\"213\" class=\"elementor elementor-213\">\n\t\t\t\t\t\t\t\t\t<section class=\"elementor-section elementor-top-section elementor-element elementor-element-14e37c1f elementor-section-boxed elementor-section-height-default elementor-section-height-default\" data-id=\"14e37c1f\" data-element_type=\"section\" data-settings=\"{&quot;background_background&quot;:&quot;classic&quot;}\">\n\t\t\t\t\t\t\t<div class=\"elementor-background-overlay\"><\/div>\n\t\t\t\t\t\t\t<div class=\"elementor-container elementor-column-gap-default\">\n\t\t\t\t\t<div class=\"elementor-column elementor-col-100 elementor-top-column elementor-element elementor-element-5f5df69d elementor-invisible\" data-id=\"5f5df69d\" data-element_type=\"column\" data-settings=\"{&quot;animation&quot;:&quot;bounceInDown&quot;}\">\n\t\t\t<div class=\"elementor-widget-wrap elementor-element-populated\">\n\t\t\t\t\t\t\t\t<div class=\"elementor-element elementor-element-364e94cc elementor-widget elementor-widget-heading\" data-id=\"364e94cc\" data-element_type=\"widget\" data-widget_type=\"heading.default\">\n\t\t\t\t<div class=\"elementor-widget-container\">\n\t\t\t<style>\/*! elementor - v3.12.1 - 02-04-2023 *\/\n.elementor-heading-title{padding:0;margin:0;line-height:1}.elementor-widget-heading .elementor-heading-title[class*=elementor-size-]>a{color:inherit;font-size:inherit;line-height:inherit}.elementor-widget-heading .elementor-heading-title.elementor-size-small{font-size:15px}.elementor-widget-heading .elementor-heading-title.elementor-size-medium{font-size:19px}.elementor-widget-heading .elementor-heading-title.elementor-size-large{font-size:29px}.elementor-widget-heading .elementor-heading-title.elementor-size-xl{font-size:39px}.elementor-widget-heading .elementor-heading-title.elementor-size-xxl{font-size:59px}<\/style><h1 class=\"elementor-heading-title elementor-size-default\">About Us<\/h1>\t\t<\/div>\n\t\t\t\t<\/div>\n\t\t\t\t\t<\/div>\n\t\t<\/div>\n\t\t\t\t\t\t\t<\/div>\n\t\t<\/section>\n\t\t\t\t<section class=\"elementor-section elementor-top-section elementor-element elementor-element-2b1c3c8a elementor-section-boxed elementor-section-height-default elementor-section-height-default\" data-id=\"2b1c3c8a\" data-element_type=\"section\">\n\t\t\t\t\t\t<div class=\"elementor-container elementor-column-gap-default\">\n\t\t\t\t\t<div class=\"elementor-column elementor-col-33 elementor-top-column elementor-element elementor-element-2078a3cf elementor-invisible\" data-id=\"2078a3cf\" data-element_type=\"column\" data-settings=\"{&quot;animation&quot;:&quot;fadeInLeft&quot;}\">\n\t\t\t<div class=\"elementor-widget-wrap elementor-element-populated\">\n\t\t\t\t\t\t\t\t<div class=\"elementor-element elementor-element-5e9cca44 elementor-widget elementor-widget-heading\" data-id=\"5e9cca44\" data-element_type=\"widget\" data-widget_type=\"heading.default\">\n\t\t\t\t<div class=\"elementor-widget-container\">\n\t\t\t<h6 class=\"elementor-heading-title elementor-size-default\">History<\/h6>\t\t<\/div>\n\t\t\t\t<\/div>\n\t\t\t\t<div class=\"elementor-element elementor-element-5389ae5 elementor-widget elementor-widget-heading\" data-id=\"5389ae5\" data-element_type=\"widget\" data-widget_type=\"heading.default\">\n\t\t\t\t<div class=\"elementor-widget-container\">\n\t\t\t<h2 class=\"elementor-heading-title elementor-size-default\">Parco Diecimare<\/h2>\t\t<\/div>\n\t\t\t\t<\/div>\n\t\t\t\t<div class=\"elementor-element elementor-element-77ca21f3 elementor-widget-divider--view-line elementor-widget elementor-widget-divider\" data-id=\"77ca21f3\" data-element_type=\"widget\" data-widget_type=\"divider.default\">\n\t\t\t\t<div class=\"elementor-widget-container\">\n\t\t\t<style>\/*! elementor - v3.12.1 - 02-04-2023 *\/\n.elementor-widget-divider{--divider-border-style:none;--divider-border-width:1px;--divider-color:#0c0d0e;--divider-icon-size:20px;--divider-element-spacing:10px;--divider-pattern-height:24px;--divider-pattern-size:20px;--divider-pattern-url:none;--divider-pattern-repeat:repeat-x}.elementor-widget-divider .elementor-divider{display:flex}.elementor-widget-divider .elementor-divider__text{font-size:15px;line-height:1;max-width:95%}.elementor-widget-divider .elementor-divider__element{margin:0 var(--divider-element-spacing);flex-shrink:0}.elementor-widget-divider .elementor-icon{font-size:var(--divider-icon-size)}.elementor-widget-divider .elementor-divider-separator{display:flex;margin:0;direction:ltr}.elementor-widget-divider--view-line_icon .elementor-divider-separator,.elementor-widget-divider--view-line_text .elementor-divider-separator{align-items:center}.elementor-widget-divider--view-line_icon .elementor-divider-separator:after,.elementor-widget-divider--view-line_icon .elementor-divider-separator:before,.elementor-widget-divider--view-line_text .elementor-divider-separator:after,.elementor-widget-divider--view-line_text .elementor-divider-separator:before{display:block;content:\"\";border-bottom:0;flex-grow:1;border-top:var(--divider-border-width) var(--divider-border-style) var(--divider-color)}.elementor-widget-divider--element-align-left .elementor-divider .elementor-divider-separator>.elementor-divider__svg:first-of-type{flex-grow:0;flex-shrink:100}.elementor-widget-divider--element-align-left .elementor-divider-separator:before{content:none}.elementor-widget-divider--element-align-left .elementor-divider__element{margin-left:0}.elementor-widget-divider--element-align-right .elementor-divider .elementor-divider-separator>.elementor-divider__svg:last-of-type{flex-grow:0;flex-shrink:100}.elementor-widget-divider--element-align-right .elementor-divider-separator:after{content:none}.elementor-widget-divider--element-align-right .elementor-divider__element{margin-right:0}.elementor-widget-divider:not(.elementor-widget-divider--view-line_text):not(.elementor-widget-divider--view-line_icon) .elementor-divider-separator{border-top:var(--divider-border-width) var(--divider-border-style) var(--divider-color)}.elementor-widget-divider--separator-type-pattern{--divider-border-style:none}.elementor-widget-divider--separator-type-pattern.elementor-widget-divider--view-line .elementor-divider-separator,.elementor-widget-divider--separator-type-pattern:not(.elementor-widget-divider--view-line) .elementor-divider-separator:after,.elementor-widget-divider--separator-type-pattern:not(.elementor-widget-divider--view-line) .elementor-divider-separator:before,.elementor-widget-divider--separator-type-pattern:not([class*=elementor-widget-divider--view]) .elementor-divider-separator{width:100%;min-height:var(--divider-pattern-height);-webkit-mask-size:var(--divider-pattern-size) 100%;mask-size:var(--divider-pattern-size) 100%;-webkit-mask-repeat:var(--divider-pattern-repeat);mask-repeat:var(--divider-pattern-repeat);background-color:var(--divider-color);-webkit-mask-image:var(--divider-pattern-url);mask-image:var(--divider-pattern-url)}.elementor-widget-divider--no-spacing{--divider-pattern-size:auto}.elementor-widget-divider--bg-round{--divider-pattern-repeat:round}.rtl .elementor-widget-divider .elementor-divider__text{direction:rtl}.e-con-inner>.elementor-widget-divider,.e-con>.elementor-widget-divider{width:var(--container-widget-width,100%);--flex-grow:var(--container-widget-flex-grow)}<\/style>\t\t<div class=\"elementor-divider\">\n\t\t\t<span class=\"elementor-divider-separator\">\n\t\t\t\t\t\t<\/span>\n\t\t<\/div>\n\t\t\t\t<\/div>\n\t\t\t\t<\/div>\n\t\t\t\t\t<\/div>\n\t\t<\/div>\n\t\t\t\t<div class=\"elementor-column elementor-col-66 elementor-top-column elementor-element elementor-element-687c745a elementor-invisible\" data-id=\"687c745a\" data-element_type=\"column\" data-settings=\"{&quot;animation&quot;:&quot;fadeInRight&quot;}\">\n\t\t\t<div class=\"elementor-widget-wrap elementor-element-populated\">\n\t\t\t\t\t\t\t\t<div class=\"elementor-element elementor-element-6757ac77 elementor-widget elementor-widget-text-editor\" data-id=\"6757ac77\" data-element_type=\"widget\" data-widget_type=\"text-editor.default\">\n\t\t\t\t<div class=\"elementor-widget-container\">\n\t\t\t<style>\/*! elementor - v3.12.1 - 02-04-2023 *\/\n.elementor-widget-text-editor.elementor-drop-cap-view-stacked .elementor-drop-cap{background-color:#69727d;color:#fff}.elementor-widget-text-editor.elementor-drop-cap-view-framed .elementor-drop-cap{color:#69727d;border:3px solid;background-color:transparent}.elementor-widget-text-editor:not(.elementor-drop-cap-view-default) .elementor-drop-cap{margin-top:8px}.elementor-widget-text-editor:not(.elementor-drop-cap-view-default) .elementor-drop-cap-letter{width:1em;height:1em}.elementor-widget-text-editor .elementor-drop-cap{float:left;text-align:center;line-height:1;font-size:50px}.elementor-widget-text-editor .elementor-drop-cap-letter{display:inline-block}<\/style>\t\t\t\t<p>Situata all\u2019interno del Parco Diecimare, un\u2019oasi verde che si estende tra i Monti Lattari e i Monti Picentini, il nostro B&amp;B si trova in un angolo di natura incontaminata che abbraccia i comuni di Cava de\u2019 Tirreni, Mercato San Severino e Baronissi, nel suggestivo paesaggio della provincia di Salerno. Il Parco Diecimare \u00e8 stato istituito nel 1993 a Cava de\u2019 Tirreni grazie all\u2019impegno di alcuni volontari del WWF, e offre numerosi itinerari per esplorare questa splendida area naturalistica.<\/p><p>L&#8217;alternanza tra aree boscose e prati rende questa zona un vero mosaico di habitat diversi, che, grazie al clima temperato, ospitano una grande variet\u00e0 di fauna. Tra gli esemplari pi\u00f9 affascinanti, spiccano numerosi insetti e farfalle, come la vivace farfalla Macaone, emblema del Parco. L&#8217;area \u00e8 inoltre popolata da mammiferi comuni, tra cui volpi, ricci, cinghiali, ghiri, tassi e faine. Durante il giorno, \u00e8 possibile avvistare rapaci come il gheppio, il falco pellegrino e lo sparviero, oltre a uccelli come il picchio verde e la beccaccia.<\/p>\t\t\t\t\t\t<\/div>\n\t\t\t\t<\/div>\n\t\t\t\t\t<\/div>\n\t\t<\/div>\n\t\t\t\t\t\t\t<\/div>\n\t\t<\/section>\n\t\t\t\t<section class=\"elementor-section elementor-top-section elementor-element elementor-element-1d0df05c elementor-section-boxed elementor-section-height-default elementor-section-height-default\" data-id=\"1d0df05c\" data-element_type=\"section\" data-settings=\"{&quot;background_background&quot;:&quot;gradient&quot;}\">\n\t\t\t\t\t\t\t<div class=\"elementor-background-overlay\"><\/div>\n\t\t\t\t\t\t\t<div class=\"elementor-container elementor-column-gap-default\">\n\t\t\t\t\t<div class=\"elementor-column elementor-col-50 elementor-top-column elementor-element elementor-element-6c3a4266 elementor-invisible\" data-id=\"6c3a4266\" data-element_type=\"column\" data-settings=\"{&quot;animation&quot;:&quot;bounceInDown&quot;}\">\n\t\t\t<div class=\"elementor-widget-wrap elementor-element-populated\">\n\t\t\t\t\t\t\t\t<div class=\"elementor-element elementor-element-7f1bf8ad elementor-widget elementor-widget-elementskit-team\" data-id=\"7f1bf8ad\" data-element_type=\"widget\" data-widget_type=\"elementskit-team.default\">\n\t\t\t\t<div class=\"elementor-widget-container\">\n\t\t\t<div class=\"ekit-wid-con\">\n\t\t\t\t\t\t\t\t\t\t\t\t\t\t\t\t\t\t\t <div class=\"image-card-v2 style-circle\"> \t\t\t\t\t<div class=\"profile-image-card elementor-animation-float ekit-team-img ekit-team-style-overlay_circle_hover text-center\">\n\n\t\t\t\t\t\t\t\t\t\t\t\t\t<img decoding=\"async\" width=\"400\" height=\"400\" src=\"https:\/\/bebparcodiecimare.it\/wp-content\/uploads\/2024\/10\/Dettaglio-400.jpg\" class=\"attachment-full size-full wp-image-1024\" alt=\"\" loading=\"lazy\" srcset=\"https:\/\/bebparcodiecimare.it\/wp-content\/uploads\/2024\/10\/Dettaglio-400.jpg 400w, https:\/\/bebparcodiecimare.it\/wp-content\/uploads\/2024\/10\/Dettaglio-400-300x300.jpg 300w, https:\/\/bebparcodiecimare.it\/wp-content\/uploads\/2024\/10\/Dettaglio-400-150x150.jpg 150w, https:\/\/bebparcodiecimare.it\/wp-content\/uploads\/2024\/10\/Dettaglio-400-12x12.jpg 12w\" sizes=\"(max-width: 400px) 100vw, 400px\" \/>\t\t\t\t\t\t\t\t\t\t\t\t<div class=\"hover-area\">\n\t\t\t\t\t\t\t<div class=\"profile-body\">\n\t\t\t\t\t\t\t\t<h2 class=\"profile-title\">\n\t\t\t\t\t\t\t\t\t\t\t\t\t\t\t\t\tFollow Us\t\t\t\t\t\t\t\t\t\t\t\t\t\t\t\t<\/h2>\n\t\t\t\t\t\t\t\t<p class=\"profile-designation\"><\/p>\n\t\t\t\t\t\t\t\t\t\t\t\t\t\t\t<\/div>\n\t\t\t\t\t\t\t\t\t\t\t\t\t\t\t<div class=\"profile-footer\">\n\t\t\t\t\t\t\t\t\t<ul class=\"ekit-team-social-list\">\n\t\t\t<li class=\"elementor-repeater-item-b25d0da\">\n\t\t\t<a href=\"#\" aria-label=\"Facebook\">\n\t\t\t\t<i aria-hidden=\"true\" class=\"icon icon-facebook\"><\/i>\t\t\t<\/a>\n\t\t<\/li>\n\t\t\t<li class=\"elementor-repeater-item-acc6375\">\n\t\t\t<a href=\"#\" aria-label=\"Instagram\">\n\t\t\t\t<i aria-hidden=\"true\" class=\"fab fa-instagram\"><\/i>\t\t\t<\/a>\n\t\t<\/li>\n\t<\/ul>\n\t\t\t\t\t\t\t\t<\/div>\n\t\t\t\t\t\t\t\t\t\t\t\t\t<\/div>\n\t\t\t\t\t<\/div>\n\t\t\t\t\t <\/div> \n\t\t\t\t\n\t\t\t\t<\/div>\t\t<\/div>\n\t\t\t\t<\/div>\n\t\t\t\t\t<\/div>\n\t\t<\/div>\n\t\t\t\t<div class=\"elementor-column elementor-col-50 elementor-top-column elementor-element elementor-element-4a5382ee elementor-invisible\" data-id=\"4a5382ee\" data-element_type=\"column\" data-settings=\"{&quot;background_background&quot;:&quot;classic&quot;,&quot;animation&quot;:&quot;fadeInRight&quot;}\">\n\t\t\t<div class=\"elementor-widget-wrap elementor-element-populated\">\n\t\t\t\t\t\t\t\t<div class=\"elementor-element elementor-element-3356e70b elementor-widget elementor-widget-heading\" data-id=\"3356e70b\" data-element_type=\"widget\" data-widget_type=\"heading.default\">\n\t\t\t\t<div class=\"elementor-widget-container\">\n\t\t\t<h2 class=\"elementor-heading-title elementor-size-default\">Immergiti nella natura<\/h2>\t\t<\/div>\n\t\t\t\t<\/div>\n\t\t\t\t<div class=\"elementor-element elementor-element-7a9bec68 elementor-widget elementor-widget-text-editor\" data-id=\"7a9bec68\" data-element_type=\"widget\" data-widget_type=\"text-editor.default\">\n\t\t\t\t<div class=\"elementor-widget-container\">\n\t\t\t\t\t\t\t<p>Il Parco Diecimare non si distingue solo per la sua ricca flora e fauna, ma anche per il suo notevole valore storico. Le prime testimonianze riguardanti i monti del Parco risalgono all&#8217;anno Mille, quando l&#8217;abbazia della S.S. Trinit\u00e0 di Cava de\u2019 Tirreni, fondata in quell&#8217;epoca, prese possesso dell&#8217;area. Nei secoli successivi, il Parco fu diviso tra il monastero, che deteneva i diritti di pascolo, e i cittadini, ai quali era concesso raccogliere legname dai boschi. Intorno al 1700 si tent\u00f2 di rendere coltivabile la Valle di Diecimare, provocando uno smottamento del terreno che rese necessari successivi interventi di rimboschimento. Nel 1866, con la confisca dei beni ecclesiastici, il Parco e la Valle passarono ufficialmente sotto la propriet\u00e0 del comune. La popolazione locale ha sempre mantenuto un forte legame con l&#8217;area di Diecimare.<\/p>\t\t\t\t\t\t<\/div>\n\t\t\t\t<\/div>\n\t\t\t\t\t<\/div>\n\t\t<\/div>\n\t\t\t\t\t\t\t<\/div>\n\t\t<\/section>\n\t\t\t\t\t\t\t<\/div>","protected":false},"excerpt":{"rendered":"<p>Storia Parco Diecimare Situata all\u2019interno del Parco Diecimare, un\u2019oasi verde che si estende tra i Monti Lattari e i Monti Picentini, il nostro B&amp;B si trova in un angolo di natura incontaminata che abbraccia i comuni di Cava de\u2019 Tirreni, Mercato San Severino e Baronissi, nel suggestivo paesaggio della provincia di Salerno. Il Parco Diecimare [&hellip;]<\/p>","protected":false},"author":1,"featured_media":0,"parent":0,"menu_order":0,"comment_status":"closed","ping_status":"closed","template":"elementor_header_footer","meta":[],"yoast_head":"<!-- This site is optimized with the Yoast SEO plugin v20.6 - https:\/\/yoast.com\/wordpress\/plugins\/seo\/ -->\n<title>Chi Siamo - B&amp;B Parco Diecimare<\/title>\n<meta name=\"description\" content=\"Come a Casa B&amp;B \u00e8 una struttura ricettiva a Boscoreale, nel parco Nazionale del Vesuvio, ideata e progettata per il soggiorno di coppie e famiglie.La struttura di nuova costruzione \u00e8 finemente arredata in stile moderno e gode di un fantastico panorama e tutti i comfort, tra i quali un bellissimo spazio esterno con patio attrezzato e giardino ed il servizio colazione con un ricco buffet.\" \/>\n<meta name=\"robots\" content=\"noindex, follow, max-snippet:-1, max-image-preview:large, max-video-preview:-1\" \/>\n<meta property=\"og:locale\" content=\"en_GB\" \/>\n<meta property=\"og:type\" content=\"article\" \/>\n<meta property=\"og:title\" content=\"Chi Siamo - B&amp;B Parco Diecimare\" \/>\n<meta property=\"og:description\" content=\"Come a Casa B&amp;B \u00e8 una struttura ricettiva a Boscoreale, nel parco Nazionale del Vesuvio, ideata e progettata per il soggiorno di coppie e famiglie.La struttura di nuova costruzione \u00e8 finemente arredata in stile moderno e gode di un fantastico panorama e tutti i comfort, tra i quali un bellissimo spazio esterno con patio attrezzato e giardino ed il servizio colazione con un ricco buffet.\" \/>\n<meta property=\"og:url\" content=\"https:\/\/bebparcodiecimare.it\/en\/chi-siamo\/\" \/>\n<meta property=\"og:site_name\" content=\"B&amp;B Parco Diecimare\" \/>\n<meta property=\"article:modified_time\" content=\"2024-10-11T07:32:14+00:00\" \/>\n<meta property=\"og:image\" content=\"https:\/\/bebparcodiecimare.it\/wp-content\/uploads\/2024\/10\/Dettaglio-400.jpg\" \/>\n<meta name=\"twitter:card\" content=\"summary_large_image\" \/>\n<meta name=\"twitter:label1\" content=\"Estimated reading time\" \/>\n\t<meta name=\"twitter:data1\" content=\"2 minutes\" \/>\n<script type=\"application\/ld+json\" class=\"yoast-schema-graph\">{\"@context\":\"https:\/\/schema.org\",\"@graph\":[{\"@type\":\"WebPage\",\"@id\":\"https:\/\/bebparcodiecimare.it\/chi-siamo\/\",\"url\":\"https:\/\/bebparcodiecimare.it\/chi-siamo\/\",\"name\":\"Chi Siamo - B&amp;B Parco Diecimare\",\"isPartOf\":{\"@id\":\"https:\/\/bebparcodiecimare.it\/#website\"},\"datePublished\":\"2023-04-19T12:29:24+00:00\",\"dateModified\":\"2024-10-11T07:32:14+00:00\",\"description\":\"Come a Casa B&B \u00e8 una struttura ricettiva a Boscoreale, nel parco Nazionale del Vesuvio, ideata e progettata per il soggiorno di coppie e famiglie.La struttura di nuova costruzione \u00e8 finemente arredata in stile moderno e gode di un fantastico panorama e tutti i comfort, tra i quali un bellissimo spazio esterno con patio attrezzato e giardino ed il servizio colazione con un ricco buffet.\",\"breadcrumb\":{\"@id\":\"https:\/\/bebparcodiecimare.it\/chi-siamo\/#breadcrumb\"},\"inLanguage\":\"en-GB\",\"potentialAction\":[{\"@type\":\"ReadAction\",\"target\":[\"https:\/\/bebparcodiecimare.it\/chi-siamo\/\"]}]},{\"@type\":\"BreadcrumbList\",\"@id\":\"https:\/\/bebparcodiecimare.it\/chi-siamo\/#breadcrumb\",\"itemListElement\":[{\"@type\":\"ListItem\",\"position\":1,\"name\":\"Home\",\"item\":\"https:\/\/bebparcodiecimare.it\/\"},{\"@type\":\"ListItem\",\"position\":2,\"name\":\"Chi Siamo\"}]},{\"@type\":\"WebSite\",\"@id\":\"https:\/\/bebparcodiecimare.it\/#website\",\"url\":\"https:\/\/bebparcodiecimare.it\/\",\"name\":\"B&amp;B Parco Diecimare\",\"description\":\"\",\"potentialAction\":[{\"@type\":\"SearchAction\",\"target\":{\"@type\":\"EntryPoint\",\"urlTemplate\":\"https:\/\/bebparcodiecimare.it\/?s={search_term_string}\"},\"query-input\":\"required name=search_term_string\"}],\"inLanguage\":\"en-GB\"}]}<\/script>\n<!-- \/ Yoast SEO plugin. -->","yoast_head_json":{"title":"Chi Siamo - B&amp;B Parco Diecimare","description":"Come a Casa B&B \u00e8 una struttura ricettiva a Boscoreale, nel parco Nazionale del Vesuvio, ideata e progettata per il soggiorno di coppie e famiglie.La struttura di nuova costruzione \u00e8 finemente arredata in stile moderno e gode di un fantastico panorama e tutti i comfort, tra i quali un bellissimo spazio esterno con patio attrezzato e giardino ed il servizio colazione con un ricco buffet.","robots":{"index":"noindex","follow":"follow","max-snippet":"max-snippet:-1","max-image-preview":"max-image-preview:large","max-video-preview":"max-video-preview:-1"},"og_locale":"en_GB","og_type":"article","og_title":"Chi Siamo - B&amp;B Parco Diecimare","og_description":"Come a Casa B&B \u00e8 una struttura ricettiva a Boscoreale, nel parco Nazionale del Vesuvio, ideata e progettata per il soggiorno di coppie e famiglie.La struttura di nuova costruzione \u00e8 finemente arredata in stile moderno e gode di un fantastico panorama e tutti i comfort, tra i quali un bellissimo spazio esterno con patio attrezzato e giardino ed il servizio colazione con un ricco buffet.","og_url":"https:\/\/bebparcodiecimare.it\/en\/chi-siamo\/","og_site_name":"B&amp;B Parco Diecimare","article_modified_time":"2024-10-11T07:32:14+00:00","og_image":[{"url":"https:\/\/bebparcodiecimare.it\/wp-content\/uploads\/2024\/10\/Dettaglio-400.jpg"}],"twitter_card":"summary_large_image","twitter_misc":{"Estimated reading time":"2 minutes"},"schema":{"@context":"https:\/\/schema.org","@graph":[{"@type":"WebPage","@id":"https:\/\/bebparcodiecimare.it\/chi-siamo\/","url":"https:\/\/bebparcodiecimare.it\/chi-siamo\/","name":"Chi Siamo - B&amp;B Parco Diecimare","isPartOf":{"@id":"https:\/\/bebparcodiecimare.it\/#website"},"datePublished":"2023-04-19T12:29:24+00:00","dateModified":"2024-10-11T07:32:14+00:00","description":"Come a Casa B&B \u00e8 una struttura ricettiva a Boscoreale, nel parco Nazionale del Vesuvio, ideata e progettata per il soggiorno di coppie e famiglie.La struttura di nuova costruzione \u00e8 finemente arredata in stile moderno e gode di un fantastico panorama e tutti i comfort, tra i quali un bellissimo spazio esterno con patio attrezzato e giardino ed il servizio colazione con un ricco buffet.","breadcrumb":{"@id":"https:\/\/bebparcodiecimare.it\/chi-siamo\/#breadcrumb"},"inLanguage":"en-GB","potentialAction":[{"@type":"ReadAction","target":["https:\/\/bebparcodiecimare.it\/chi-siamo\/"]}]},{"@type":"BreadcrumbList","@id":"https:\/\/bebparcodiecimare.it\/chi-siamo\/#breadcrumb","itemListElement":[{"@type":"ListItem","position":1,"name":"Home","item":"https:\/\/bebparcodiecimare.it\/"},{"@type":"ListItem","position":2,"name":"Chi Siamo"}]},{"@type":"WebSite","@id":"https:\/\/bebparcodiecimare.it\/#website","url":"https:\/\/bebparcodiecimare.it\/","name":"B&amp;B Parco Diecimare","description":"","potentialAction":[{"@type":"SearchAction","target":{"@type":"EntryPoint","urlTemplate":"https:\/\/bebparcodiecimare.it\/?s={search_term_string}"},"query-input":"required name=search_term_string"}],"inLanguage":"en-GB"}]}},"_links":{"self":[{"href":"https:\/\/bebparcodiecimare.it\/en\/wp-json\/wp\/v2\/pages\/213"}],"collection":[{"href":"https:\/\/bebparcodiecimare.it\/en\/wp-json\/wp\/v2\/pages"}],"about":[{"href":"https:\/\/bebparcodiecimare.it\/en\/wp-json\/wp\/v2\/types\/page"}],"author":[{"embeddable":true,"href":"https:\/\/bebparcodiecimare.it\/en\/wp-json\/wp\/v2\/users\/1"}],"replies":[{"embeddable":true,"href":"https:\/\/bebparcodiecimare.it\/en\/wp-json\/wp\/v2\/comments?post=213"}],"version-history":[{"count":71,"href":"https:\/\/bebparcodiecimare.it\/en\/wp-json\/wp\/v2\/pages\/213\/revisions"}],"predecessor-version":[{"id":1066,"href":"https:\/\/bebparcodiecimare.it\/en\/wp-json\/wp\/v2\/pages\/213\/revisions\/1066"}],"wp:attachment":[{"href":"https:\/\/bebparcodiecimare.it\/en\/wp-json\/wp\/v2\/media?parent=213"}],"curies":[{"name":"wp","href":"https:\/\/api.w.org\/{rel}","templated":true}]}}